{"id":2341,"date":"2025-08-12T17:26:32","date_gmt":"2025-08-12T15:26:32","guid":{"rendered":"https:\/\/www.couleuryoga.fr\/?page_id=2341"},"modified":"2025-08-12T17:30:15","modified_gmt":"2025-08-12T15:30:15","slug":"quest-ce-quune-seance-de-yoga-enfant","status":"publish","type":"page","link":"https:\/\/www.couleuryoga.fr\/index.php\/quest-ce-quune-seance-de-yoga-enfant\/","title":{"rendered":"Qu&rsquo;est-ce qu&rsquo;une s\u00e9ance de yoga enfant ?"},"content":{"rendered":"\t\t<div data-elementor-type=\"wp-page\" data-elementor-id=\"2341\" class=\"elementor elementor-2341\">\n\t\t\t\t\t\t\t\t\t<section class=\"elementor-section elementor-top-section elementor-element elementor-element-2494598 elementor-section-boxed elementor-section-height-default elementor-section-height-default\" data-id=\"2494598\" data-element_type=\"section\">\n\t\t\t\t\t\t<div class=\"elementor-container elementor-column-gap-default\">\n\t\t\t\t\t<div class=\"elementor-column elementor-col-100 elementor-top-column elementor-element elementor-element-366dc7e\" data-id=\"366dc7e\" data-element_type=\"column\">\n\t\t\t<div class=\"elementor-widget-wrap elementor-element-populated\">\n\t\t\t\t\t\t\t\t<div class=\"elementor-element elementor-element-e75abff elementor-widget elementor-widget-qi_addons_for_elementor_animated_text\" data-id=\"e75abff\" data-element_type=\"widget\" data-widget_type=\"qi_addons_for_elementor_animated_text.default\">\n\t\t\t\t<div class=\"elementor-widget-container\">\n\t\t\t<div class=\"qodef-shortcode qodef-m  qodef-qi-animated-text qodef--animated-by-letter qodef--alignment-center qodef-qi--has-appear qodef--appear-fade\" >\n\t\t<h2 class=\"qodef-m-title\">\n\t\t<span class=\"qodef-e-word-holder\">Qu'est-ce<\/span> <span class=\"qodef-e-word-holder\">qu'une<\/span> <span class=\"qodef-e-word-holder\">s\u00e9ance<\/span> <span class=\"qodef-e-word-holder\">de<\/span> <span class=\"qodef-e-word-holder\">yoga<\/span> <span class=\"qodef-e-word-holder\">enfant<\/span> <span class=\"qodef-e-word-holder\">?<\/span>\t<\/h2>\n<\/div>\n\t\t<\/div>\n\t\t\t\t<\/div>\n\t\t\t\t<div class=\"elementor-element elementor-element-c31a82d elementor-widget elementor-widget-text-editor\" data-id=\"c31a82d\" data-element_type=\"widget\" data-widget_type=\"text-editor.default\">\n\t\t\t\t<div class=\"elementor-widget-container\">\n\t\t\t<style>\/*! elementor - v3.18.0 - 20-12-2023 *\/\n.elementor-widget-text-editor.elementor-drop-cap-view-stacked .elementor-drop-cap{background-color:#69727d;color:#fff}.elementor-widget-text-editor.elementor-drop-cap-view-framed .elementor-drop-cap{color:#69727d;border:3px solid;background-color:transparent}.elementor-widget-text-editor:not(.elementor-drop-cap-view-default) .elementor-drop-cap{margin-top:8px}.elementor-widget-text-editor:not(.elementor-drop-cap-view-default) .elementor-drop-cap-letter{width:1em;height:1em}.elementor-widget-text-editor .elementor-drop-cap{float:left;text-align:center;line-height:1;font-size:50px}.elementor-widget-text-editor .elementor-drop-cap-letter{display:inline-block}<\/style>\t\t\t\t<h4 class=\"font_2 wixui-rich-text__text\"><em><strong><span class=\"wixui-rich-text__text\"><span class=\"color_29 wixui-rich-text__text\">Qu&rsquo;est-ce qu&rsquo;une s\u00e9ance de yoga enfant ?<\/span><\/span><\/strong><\/em><\/h4><p class=\"font_2 wixui-rich-text__text\">Une s\u00e9ance de yoga dure 45 minutes. Les enfants font l&rsquo;exp\u00e9rience d&rsquo;une gamme de postures et commencent \u00e0 explorer des techniques de respiration\u00a0 et des exercices de relaxation.<br \/>Les cours peuvent \u00e9galement int\u00e9grer des discussions sur des sujets tels que le respect de soi et des autres, et la gestion des \u00e9motions. Des activit\u00e9s cr\u00e9atives peuvent \u00eatre utilis\u00e9es pour aider les enfants \u00e0 exprimer leurs pens\u00e9es et leurs sentiments.\u00a0 \u00a0 C&rsquo;est aussi une pratique pour\u00a0 <strong>explorer\u00a0 leurs \u00e9motions.<\/strong><\/p><p class=\"font_2 wixui-rich-text__text\">Lors d&rsquo;une s\u00e9ance de yoga nous prendront l&rsquo;image<strong><span style=\"text-decoration: underline;\">d&rsquo;une Maison ( <\/span>notr<\/strong>e Corps)\u00a0\u00e0 construire <strong>gr\u00e2ce \u00e0 des cl\u00e9s\u00a0 :la pr\u00e9<\/strong>paration corporelle, la construction de la maison, la maison, notre Univers.<\/p><p class=\"font_2 wixui-rich-text__text\">Toutes ces activit\u00e9s se d\u00e9roulent de mani\u00e8re ludique car l&rsquo;enfant est un individu <strong>anim\u00e9<\/strong> par le jeu, mais cela ne signifie pas qu&rsquo;il va \u00ab\u00a0jouer au yoga\u00a0\u00bb.<\/p><p>L<strong>&lsquo;inscription au yoga suppose un engagement<\/strong>. Les parents inscrivent leurs enfants mais \u00e9galement eux m\u00eame car le yoga requiert <strong>un effort r\u00e9gulier<\/strong> afin de r\u00e9colter les fruits de l&rsquo;action.<\/p><p>Le yoga\u00a0 n&rsquo;est pas une baguette magique. <strong>Le yoga ne rend pas l&rsquo;enfant plus calme <\/strong>mais lui permet<strong> d&rsquo;acc\u00e9der \u00e0 une connaissance de Soi qui lui permettra d&rsquo;adopter la posture id\u00e9ale pour connaitre le calme int\u00e9rieur<\/strong><\/p>\t\t\t\t\t\t<\/div>\n\t\t\t\t<\/div>\n\t\t\t\t\t<\/div>\n\t\t<\/div>\n\t\t\t\t\t\t\t<\/div>\n\t\t<\/section>\n\t\t\t\t\t\t\t<\/div>\n\t\t","protected":false},"excerpt":{"rendered":"<p>Qu&rsquo;est-ce qu&rsquo;une s\u00e9ance de yoga enfant ? Qu&rsquo;est-ce qu&rsquo;une s\u00e9ance de yoga enfant ? Une s\u00e9ance de yoga dure 45 minutes. Les enfants font l&rsquo;exp\u00e9rience d&rsquo;une gamme de postures et commencent \u00e0 explorer des techniques de respiration\u00a0 et des exercices de relaxation.Les cours peuvent \u00e9galement int\u00e9grer des discussions sur des sujets tels que le respect &hellip;<\/p>\n<p class=\"read-more\"> <a class=\"\" href=\"https:\/\/www.couleuryoga.fr\/index.php\/quest-ce-quune-seance-de-yoga-enfant\/\"> <span class=\"screen-reader-text\">Qu&rsquo;est-ce qu&rsquo;une s\u00e9ance de yoga enfant ?<\/span> Lire la suite\u00a0\u00bb<\/a><\/p>\n","protected":false},"author":1,"featured_media":0,"parent":0,"menu_order":0,"comment_status":"closed","ping_status":"closed","template":"","meta":{"site-sidebar-layout":"no-sidebar","site-content-layout":"","ast-site-content-layout":"full-width-container","site-content-style":"default","site-sidebar-style":"default","ast-global-header-display":"","ast-banner-title-visibility":"","ast-main-header-display":"","ast-hfb-above-header-display":"","ast-hfb-below-header-display":"","ast-hfb-mobile-header-display":"","site-post-title":"disabled","ast-breadcrumbs-content":"","ast-featured-img":"disabled","footer-sml-layout":"","theme-transparent-header-meta":"","adv-header-id-meta":"","stick-header-meta":"","header-above-stick-meta":"","header-main-stick-meta":"","header-below-stick-meta":"","astra-migrate-meta-layouts":"","ast-page-background-enabled":"default","ast-page-background-meta":{"desktop":{"background-color":"var(--ast-global-color-4)","background-image":"","background-repeat":"repeat","background-position":"center center","background-size":"auto","background-attachment":"scroll","background-type":"","background-media":"","overlay-type":"","overlay-color":"","overlay-gradient":""},"tablet":{"background-color":"","background-image":"","background-repeat":"repeat","background-position":"center center","background-size":"auto","background-attachment":"scroll","background-type":"","background-media":"","overlay-type":"","overlay-color":"","overlay-gradient":""},"mobile":{"background-color":"","background-image":"","background-repeat":"repeat","background-position":"center center","background-size":"auto","background-attachment":"scroll","background-type":"","background-media":"","overlay-type":"","overlay-color":"","overlay-gradient":""}},"ast-content-background-meta":{"desktop":{"background-color":"var(--ast-global-color-5)","background-image":"","background-repeat":"repeat","background-position":"center center","background-size":"auto","background-attachment":"scroll","background-type":"","background-media":"","overlay-type":"","overlay-color":"","overlay-gradient":""},"tablet":{"background-color":"var(--ast-global-color-5)","background-image":"","background-repeat":"repeat","background-position":"center center","background-size":"auto","background-attachment":"scroll","background-type":"","background-media":"","overlay-type":"","overlay-color":"","overlay-gradient":""},"mobile":{"background-color":"var(--ast-global-color-5)","background-image":"","background-repeat":"repeat","background-position":"center center","background-size":"auto","background-attachment":"scroll","background-type":"","background-media":"","overlay-type":"","overlay-color":"","overlay-gradient":""}},"footnotes":""},"class_list":["post-2341","page","type-page","status-publish","hentry"],"yoast_head":"<!-- This site is optimized with the Yoast SEO plugin v21.7 - https:\/\/yoast.com\/wordpress\/plugins\/seo\/ -->\n<title>Qu&#039;est-ce qu&#039;une s\u00e9ance de yoga enfant ? - Couleur yoga<\/title>\n<meta name=\"robots\" content=\"index, follow, max-snippet:-1, max-image-preview:large, max-video-preview:-1\" \/>\n<link rel=\"canonical\" href=\"https:\/\/www.couleuryoga.fr\/index.php\/quest-ce-quune-seance-de-yoga-enfant\/\" \/>\n<meta property=\"og:locale\" content=\"fr_FR\" \/>\n<meta property=\"og:type\" content=\"article\" \/>\n<meta property=\"og:title\" content=\"Qu&#039;est-ce qu&#039;une s\u00e9ance de yoga enfant ? - Couleur yoga\" \/>\n<meta property=\"og:description\" content=\"Qu&rsquo;est-ce qu&rsquo;une s\u00e9ance de yoga enfant ? Qu&rsquo;est-ce qu&rsquo;une s\u00e9ance de yoga enfant ? Une s\u00e9ance de yoga dure 45 minutes. Les enfants font l&rsquo;exp\u00e9rience d&rsquo;une gamme de postures et commencent \u00e0 explorer des techniques de respiration\u00a0 et des exercices de relaxation.Les cours peuvent \u00e9galement int\u00e9grer des discussions sur des sujets tels que le respect &hellip; Qu&rsquo;est-ce qu&rsquo;une s\u00e9ance de yoga enfant ? Lire la suite\u00a0\u00bb\" \/>\n<meta property=\"og:url\" content=\"https:\/\/www.couleuryoga.fr\/index.php\/quest-ce-quune-seance-de-yoga-enfant\/\" \/>\n<meta property=\"og:site_name\" content=\"Couleur yoga\" \/>\n<meta property=\"article:modified_time\" content=\"2025-08-12T15:30:15+00:00\" \/>\n<meta name=\"twitter:card\" content=\"summary_large_image\" \/>\n<meta name=\"twitter:label1\" content=\"Dur\u00e9e de lecture estim\u00e9e\" \/>\n\t<meta name=\"twitter:data1\" content=\"2 minutes\" \/>\n<script type=\"application\/ld+json\" class=\"yoast-schema-graph\">{\"@context\":\"https:\/\/schema.org\",\"@graph\":[{\"@type\":\"WebPage\",\"@id\":\"https:\/\/www.couleuryoga.fr\/index.php\/quest-ce-quune-seance-de-yoga-enfant\/\",\"url\":\"https:\/\/www.couleuryoga.fr\/index.php\/quest-ce-quune-seance-de-yoga-enfant\/\",\"name\":\"Qu'est-ce qu'une s\u00e9ance de yoga enfant ? - Couleur yoga\",\"isPartOf\":{\"@id\":\"https:\/\/www.couleuryoga.fr\/#website\"},\"datePublished\":\"2025-08-12T15:26:32+00:00\",\"dateModified\":\"2025-08-12T15:30:15+00:00\",\"breadcrumb\":{\"@id\":\"https:\/\/www.couleuryoga.fr\/index.php\/quest-ce-quune-seance-de-yoga-enfant\/#breadcrumb\"},\"inLanguage\":\"fr-FR\",\"potentialAction\":[{\"@type\":\"ReadAction\",\"target\":[\"https:\/\/www.couleuryoga.fr\/index.php\/quest-ce-quune-seance-de-yoga-enfant\/\"]}]},{\"@type\":\"BreadcrumbList\",\"@id\":\"https:\/\/www.couleuryoga.fr\/index.php\/quest-ce-quune-seance-de-yoga-enfant\/#breadcrumb\",\"itemListElement\":[{\"@type\":\"ListItem\",\"position\":1,\"name\":\"Accueil\",\"item\":\"https:\/\/www.couleuryoga.fr\/\"},{\"@type\":\"ListItem\",\"position\":2,\"name\":\"Qu&rsquo;est-ce qu&rsquo;une s\u00e9ance de yoga enfant ?\"}]},{\"@type\":\"WebSite\",\"@id\":\"https:\/\/www.couleuryoga.fr\/#website\",\"url\":\"https:\/\/www.couleuryoga.fr\/\",\"name\":\"Couleur yoga\",\"description\":\"\",\"potentialAction\":[{\"@type\":\"SearchAction\",\"target\":{\"@type\":\"EntryPoint\",\"urlTemplate\":\"https:\/\/www.couleuryoga.fr\/?s={search_term_string}\"},\"query-input\":\"required name=search_term_string\"}],\"inLanguage\":\"fr-FR\"}]}<\/script>\n<!-- \/ Yoast SEO plugin. -->","yoast_head_json":{"title":"Qu'est-ce qu'une s\u00e9ance de yoga enfant ? - Couleur yoga","robots":{"index":"index","follow":"follow","max-snippet":"max-snippet:-1","max-image-preview":"max-image-preview:large","max-video-preview":"max-video-preview:-1"},"canonical":"https:\/\/www.couleuryoga.fr\/index.php\/quest-ce-quune-seance-de-yoga-enfant\/","og_locale":"fr_FR","og_type":"article","og_title":"Qu'est-ce qu'une s\u00e9ance de yoga enfant ? - Couleur yoga","og_description":"Qu&rsquo;est-ce qu&rsquo;une s\u00e9ance de yoga enfant ? Qu&rsquo;est-ce qu&rsquo;une s\u00e9ance de yoga enfant ? Une s\u00e9ance de yoga dure 45 minutes. Les enfants font l&rsquo;exp\u00e9rience d&rsquo;une gamme de postures et commencent \u00e0 explorer des techniques de respiration\u00a0 et des exercices de relaxation.Les cours peuvent \u00e9galement int\u00e9grer des discussions sur des sujets tels que le respect &hellip; Qu&rsquo;est-ce qu&rsquo;une s\u00e9ance de yoga enfant ? Lire la suite\u00a0\u00bb","og_url":"https:\/\/www.couleuryoga.fr\/index.php\/quest-ce-quune-seance-de-yoga-enfant\/","og_site_name":"Couleur yoga","article_modified_time":"2025-08-12T15:30:15+00:00","twitter_card":"summary_large_image","twitter_misc":{"Dur\u00e9e de lecture estim\u00e9e":"2 minutes"},"schema":{"@context":"https:\/\/schema.org","@graph":[{"@type":"WebPage","@id":"https:\/\/www.couleuryoga.fr\/index.php\/quest-ce-quune-seance-de-yoga-enfant\/","url":"https:\/\/www.couleuryoga.fr\/index.php\/quest-ce-quune-seance-de-yoga-enfant\/","name":"Qu'est-ce qu'une s\u00e9ance de yoga enfant ? - Couleur yoga","isPartOf":{"@id":"https:\/\/www.couleuryoga.fr\/#website"},"datePublished":"2025-08-12T15:26:32+00:00","dateModified":"2025-08-12T15:30:15+00:00","breadcrumb":{"@id":"https:\/\/www.couleuryoga.fr\/index.php\/quest-ce-quune-seance-de-yoga-enfant\/#breadcrumb"},"inLanguage":"fr-FR","potentialAction":[{"@type":"ReadAction","target":["https:\/\/www.couleuryoga.fr\/index.php\/quest-ce-quune-seance-de-yoga-enfant\/"]}]},{"@type":"BreadcrumbList","@id":"https:\/\/www.couleuryoga.fr\/index.php\/quest-ce-quune-seance-de-yoga-enfant\/#breadcrumb","itemListElement":[{"@type":"ListItem","position":1,"name":"Accueil","item":"https:\/\/www.couleuryoga.fr\/"},{"@type":"ListItem","position":2,"name":"Qu&rsquo;est-ce qu&rsquo;une s\u00e9ance de yoga enfant ?"}]},{"@type":"WebSite","@id":"https:\/\/www.couleuryoga.fr\/#website","url":"https:\/\/www.couleuryoga.fr\/","name":"Couleur yoga","description":"","potentialAction":[{"@type":"SearchAction","target":{"@type":"EntryPoint","urlTemplate":"https:\/\/www.couleuryoga.fr\/?s={search_term_string}"},"query-input":"required name=search_term_string"}],"inLanguage":"fr-FR"}]}},"_links":{"self":[{"href":"https:\/\/www.couleuryoga.fr\/index.php\/wp-json\/wp\/v2\/pages\/2341","targetHints":{"allow":["GET"]}}],"collection":[{"href":"https:\/\/www.couleuryoga.fr\/index.php\/wp-json\/wp\/v2\/pages"}],"about":[{"href":"https:\/\/www.couleuryoga.fr\/index.php\/wp-json\/wp\/v2\/types\/page"}],"author":[{"embeddable":true,"href":"https:\/\/www.couleuryoga.fr\/index.php\/wp-json\/wp\/v2\/users\/1"}],"replies":[{"embeddable":true,"href":"https:\/\/www.couleuryoga.fr\/index.php\/wp-json\/wp\/v2\/comments?post=2341"}],"version-history":[{"count":4,"href":"https:\/\/www.couleuryoga.fr\/index.php\/wp-json\/wp\/v2\/pages\/2341\/revisions"}],"predecessor-version":[{"id":2354,"href":"https:\/\/www.couleuryoga.fr\/index.php\/wp-json\/wp\/v2\/pages\/2341\/revisions\/2354"}],"wp:attachment":[{"href":"https:\/\/www.couleuryoga.fr\/index.php\/wp-json\/wp\/v2\/media?parent=2341"}],"curies":[{"name":"wp","href":"https:\/\/api.w.org\/{rel}","templated":true}]}}